{"id":4097,"date":"2021-09-23T11:15:21","date_gmt":"2021-09-23T03:15:21","guid":{"rendered":"http:\/\/graugear.pro7.designworks.tw\/agb\/"},"modified":"2021-10-05T09:29:19","modified_gmt":"2021-10-05T01:29:19","slug":"agb","status":"publish","type":"page","link":"https:\/\/graugear.de\/en\/agb\/","title":{"rendered":"AGB"},"content":{"rendered":"\n<style type=\"text\/css\" data-created_by=\"avia_inline_auto\" id=\"style-css-av-454bbk-d82f0251f2fdb8dfbed0585b06c2f425\">\n.avia-section.av-454bbk-d82f0251f2fdb8dfbed0585b06c2f425{\nbackground-color:#edf9fe;\n}\n<\/style>\n<div id='av_section_1'  class='avia-section av-454bbk-d82f0251f2fdb8dfbed0585b06c2f425 main_color avia-section-default avia-no-border-styling  avia-builder-el-0  avia-builder-el-no-sibling  avia-bg-style-scroll  container_wrap sidebar_right'  ><div class='container av-section-cont-open' ><main  role=\"main\" itemprop=\"mainContentOfPage\"  class='template-page content  av-content-small alpha units'><div class='post-entry post-entry-type-page post-entry-4097'><div class='entry-content-wrapper clearfix'>\n\n<style type=\"text\/css\" data-created_by=\"avia_inline_auto\" id=\"style-css-av-1tnbn5-63d9707903218a0f84d6e451f42384a2\">\n.flex_column.av-1tnbn5-63d9707903218a0f84d6e451f42384a2{\nborder-radius:0px 0px 0px 0px;\n-webkit-border-radius:0px 0px 0px 0px;\n-moz-border-radius:0px 0px 0px 0px;\n}\n<\/style>\n<div class='flex_column av-1tnbn5-63d9707903218a0f84d6e451f42384a2 av_one_full  avia-builder-el-1  el_before_av_one_full  avia-builder-el-first  first flex_column_div av-zero-column-padding '   ><style type=\"text\/css\" data-created_by=\"avia_inline_auto\" id=\"style-css-av-21sc5t-0fc4bd115d09ce513689b7515c24a111\">\n#top .av-special-heading.av-21sc5t-0fc4bd115d09ce513689b7515c24a111{\npadding-bottom:10px;\nfont-size:30px;\n}\n<\/style>\n<div  class='av-special-heading av-21sc5t-0fc4bd115d09ce513689b7515c24a111 av-special-heading-h1 blockquote modern-quote  avia-builder-el-2  avia-builder-el-no-sibling  av-inherit-size '><h1 class='av-special-heading-tag '  itemprop=\"headline\"  >AGB<\/h1><div class='special-heading-border'><div class='special-heading-inner-border'><\/div><\/div><\/div><\/div>\n<style type=\"text\/css\" data-created_by=\"avia_inline_auto\" id=\"style-css-av-2v8fq8-32bcf10c3f17397b741292747a8b0964\">\n.flex_column.av-2v8fq8-32bcf10c3f17397b741292747a8b0964{\nborder-radius:0px 0px 0px 0px;\n-webkit-border-radius:0px 0px 0px 0px;\n-moz-border-radius:0px 0px 0px 0px;\n}\n<\/style>\n<div class='flex_column av-2v8fq8-32bcf10c3f17397b741292747a8b0964 av_one_full  avia-builder-el-3  el_after_av_one_full  avia-builder-el-last  first flex_column_div av-zero-column-padding column-top-margin'   ><section class=\"av_textblock_section \"  itemscope=\"itemscope\" itemtype=\"https:\/\/schema.org\/CreativeWork\" ><div class='avia_textblock  '   itemprop=\"text\" ><p>Stand September 2021<\/p>\n<h3><strong>1.Geltungsbereich<\/strong><\/h3>\n<p>(1) Unsere Angebote, Lieferungen und Leistungen erfolgen ausschlie\u00dflich aufgrund dieser Gesch\u00e4ftsbedingungen. Diese gelten auch f\u00fcr alle k\u00fcnftigen Gesch\u00e4ftsbeziehungen, auch wenn sie nicht nochmals ausdr\u00fccklich vereinbart werden. Gegenbest\u00e4tigungen des Kunden unter Hinweis auf seine Gesch\u00e4fts- oder Einkaufsbedingungen wird hiermit widersprochen, auch wenn er diese mitgeteilt hat oder diese auf Bestellscheinen usw. abgedruckt sind. <br class=\"avia-permanent-lb\" \/><br class=\"avia-permanent-lb\" \/><\/p>\n<p>(2) Alle Vereinbarungen, die zwischen uns und dem Kunden zwecks Ausf\u00fchrung eines Vertrages getroffen werden, sind in diesem Vertrag schriftlich niederzulegen. Nebenabreden sind nur nach schriftlicher Best\u00e4tigung wirksam. <br class=\"avia-permanent-lb\" \/><br class=\"avia-permanent-lb\" \/><\/p>\n<p>(3) Unsere Gesch\u00e4ftsbedingungen gelten ausschlie\u00dflich gegen\u00fcber Unternehmern i.S.d. \u00a7\u00a7 14, 310 BGB. <br class=\"avia-permanent-lb\" \/><br class=\"avia-permanent-lb\" \/><\/p>\n<h3>2.<strong>Allgemeines<\/strong><\/h3>\n<p>(1) Abbildungen in Katalogen oder auf Datenbl\u00e4ttern stellen lediglich Beispiele dar. Geringf\u00fcgige Abweichungen in Ausf\u00fchrung oder Design der Ware sind unerheblich. <br class=\"avia-permanent-lb\" \/><br class=\"avia-permanent-lb\" \/><\/p>\n<p>(2) Stornierungen oder Vertrags\u00e4nderungen sind erst nach unserem schriftlichen Einverst\u00e4ndnis wirksam. Sendet der Kunde unaufgefordert Ware an uns zur\u00fcck, so stellt die Annahme der Ware kein Einverst\u00e4ndnis mit dem R\u00fccktrittsverlangen des Kunden dar. Ein solches ist von uns schriftlich zu erkl\u00e4ren. <br class=\"avia-permanent-lb\" \/><br class=\"avia-permanent-lb\" \/><\/p>\n<p>(3) Schadensersatzanspr\u00fcche aus positiver Vertragsverletzung, Verschulden bei Vertragsschluss und aus unerlaubter Handlung gegen uns sind ausgeschlossen, soweit nicht vors\u00e4tzliches oder grob fahrl\u00e4ssiges Handeln vorliegt. <br class=\"avia-permanent-lb\" \/><br class=\"avia-permanent-lb\" \/><\/p>\n<p>(4) Die Nichtigkeit einer dieser Bestimmungen ber\u00fchrt die G\u00fcltigkeit der \u00fcbrigen Bestimmungen nicht. <br class=\"avia-permanent-lb\" \/><br class=\"avia-permanent-lb\" \/><\/p>\n<h3><strong>3.Preise und Zahlungsbedingungen <br class=\"avia-permanent-lb\" \/><br class=\"avia-permanent-lb\" \/><\/strong><\/h3>\n<p>(1) Unsere Angebote sind freibleibend. Die Annahme einer Bestellung erfolgt durch die Best\u00e4tigung des Auftrages oder durch seine Ausf\u00fchrung. <br class=\"avia-permanent-lb\" \/><br class=\"avia-permanent-lb\" \/><\/p>\n<p>(2) Unsere Preise gelten ab Lager Ammersbek. Kosten f\u00fcr Transport, Transportversicherung, Verpackung und sonstige Geb\u00fchren sind darin nicht enthalten. Derartige Kosten tr\u00e4gt der Kunde. <br class=\"avia-permanent-lb\" \/><br class=\"avia-permanent-lb\" \/><\/p>\n<p>(3) Unsere Rechnungen sind ohne Abzug sofort zur Zahlung f\u00e4llig, es sei denn, es wurde etwas anderes vereinbart. Der Abzug von Skonto bedarf besonderer schriftlicher Vereinbarung. <br class=\"avia-permanent-lb\" \/><br class=\"avia-permanent-lb\" \/><\/p>\n<p>(4) Die gesetzliche Mehrwertsteuer ist nicht in unseren Preisen eingeschlossen. Diese wird in der Rechnung gesondert ausgewiesen. <br class=\"avia-permanent-lb\" \/><br class=\"avia-permanent-lb\" \/><\/p>\n<p>(5) Kommt der Kunde in Zahlungsverzug, so sind wir berechtigt, Verzugszinsen in H\u00f6he von 8 % \u00fcber dem Basiszinssatz der Deutschen Bundesbank p.a. zu verlangen. Sofern uns ein h\u00f6herer Verzugsschaden entstanden ist, sind wir befugt, diesen geltend zu machen. Der Kunde ist berechtigt, uns nachzuweisen, dass uns ein geringerer Schaden entstanden ist. Im Falle des Zahlungsverzuges oder einer Verschlechterung der Verm\u00f6gensverh\u00e4ltnisse des Kunden sind wir berechtigt, von dem Kaufvertrag zur\u00fcckzutreten sowie f\u00fcr gegebenenfalls weitere Auftr\u00e4ge des Kunden Vorauskasse in bar zu verlangen. <br class=\"avia-permanent-lb\" \/><br class=\"avia-permanent-lb\" \/><\/p>\n<p>(6) Die Zur\u00fcckbehaltungsrechte aus den \u00a7\u00a7 237, 438 IV BGB, 369 HGB sowie die Einrede des nicht erf\u00fcllten Vertrages gem. \u00a7 320 BGB sind ausgeschlossen. <br class=\"avia-permanent-lb\" \/><br class=\"avia-permanent-lb\" \/><\/p>\n<h3><strong>4.Lieferzeit <br class=\"avia-permanent-lb\" \/><br class=\"avia-permanent-lb\" \/><\/strong><\/h3>\n<p>(1) Die Vereinbarung eines verbindlichen Liefertermins bedarf der Schriftform. Die Einhaltung des Liefertermins setzt die rechtzeitige und ordnungsgem\u00e4\u00dfe Erf\u00fcllung der Verpflichtungen des Kunden voraus. <br class=\"avia-permanent-lb\" \/><br class=\"avia-permanent-lb\" \/><\/p>\n<p>(2) Lieferverz\u00f6gerungen aufgrund h\u00f6herer Gewalt und Ereignissen, die uns die Lieferung wesentlich erschweren (wie z.B. Streik, Aussperrung, Betriebsst\u00f6rung, etc.), auch wenn sie bei unseren Lieferanten eintreten, haben wir nicht zu vertreten. Sie berechtigen uns, die Lieferung hinauszuschieben oder von dem Vertrag zur\u00fcckzutreten. Sofern die Verz\u00f6gerung l\u00e4nger als zwei Monate andauert, ist der Kunde nach einer entsprechenden Nachfristsetzung berechtigt, von dem Vertrag zur\u00fcckzutreten. Schadensersatzanspr\u00fcche des Kunden sind ausgeschlossen, es sei denn, der Lieferverzug beruht auf zumindest grober Fahrl\u00e4ssigkeit unsererseits. <br class=\"avia-permanent-lb\" \/><br class=\"avia-permanent-lb\" \/><\/p>\n<p>(3) Wir sind zu Teillieferungen berechtigt. Jede Teillieferung gilt als eigenes Rechtsgesch\u00e4ft. <br class=\"avia-permanent-lb\" \/><br class=\"avia-permanent-lb\" \/><\/p>\n<p>(4) Kommt der Kunde in Annahmeverzug oder verletzt er andere Mitwirkungspflichten, sind wir berechtigt, Schadensersatz zu verlangen. Mit Eintritt des Annahmeverzuges geht die Gefahr der zuf\u00e4lligen Verschlechterung oder des Untergangs auf den Kunden \u00fcber. <br class=\"avia-permanent-lb\" \/><br class=\"avia-permanent-lb\" \/><\/p>\n<h3><strong>5.Versand und Gefahrtragung <br class=\"avia-permanent-lb\" \/><br class=\"avia-permanent-lb\" \/><\/strong><\/h3>\n<p>(1) Sofern nicht etwas anderes vereinbart wurde, ist eine Lieferung ab Lager Ammersbek vereinbart. <br class=\"avia-permanent-lb\" \/><br class=\"avia-permanent-lb\" \/><\/p>\n<p>(2) Die Gefahr geht mit \u00dcbergabe an die Transportperson auf den Kunden \u00fcber. <br class=\"avia-permanent-lb\" \/><br class=\"avia-permanent-lb\" \/><\/p>\n<p>(3) Die Kosten des Versandes tr\u00e4gt der Kunde, es sei denn, es wurde etwas anderes vereinbart. <br class=\"avia-permanent-lb\" \/><br class=\"avia-permanent-lb\" \/><\/p>\n<p>(4) Verpackungen werden nicht zur\u00fcckgenommen, ausgenommen Paletten. Der Kunde hat Verpackungen auf eigene Kosten zu entsorgen. <br class=\"avia-permanent-lb\" \/><br class=\"avia-permanent-lb\" \/><\/p>\n<p>(5) F\u00fcr Transportsch\u00e4den wird von uns nicht gehaftet. Diese sind bei Empfang der Ware schriftlich zu dokumentieren und uns und der Transportperson sofort zu melden. Bei Bahn- und Postversand ist eine amtliche Schadensfeststellung durchzuf\u00fchren. <br class=\"avia-permanent-lb\" \/><br class=\"avia-permanent-lb\" \/><\/p>\n<p>(6) Die Vollst\u00e4ndigkeit der Lieferung ist anhand des Lieferscheins zu pr\u00fcfen. Fehlende Teile sind bei der Transportperson zu reklamieren und sind von dieser schriftlich zu best\u00e4tigen. <br class=\"avia-permanent-lb\" \/><br class=\"avia-permanent-lb\" \/><\/p>\n<h3><strong>6.Eigentumsvorbehalt <br class=\"avia-permanent-lb\" \/><br class=\"avia-permanent-lb\" \/><\/strong><\/h3>\n<p>(1) Bis zur Erf\u00fcllung aller Forderungen (einschlie\u00dflich aller Saldoforderungen aus Kontokorrent), die uns aus jedem Rechtsgrund gegen den Kunden jetzt oder k\u00fcnftig zustehen, werden uns die folgenden Sicherheiten gew\u00e4hrt, die wir auf Verlangen nach Wahl des Kunden freigeben, soweit ihr Wert die Forderungen nachhaltig um mehr als 20 % \u00fcbersteigt. <br class=\"avia-permanent-lb\" \/><br class=\"avia-permanent-lb\" \/><\/p>\n<p>(2) Die Ware bleibt unser Eigentum bis zur vollst\u00e4ndigen Bezahlung des Kaufpreises. Verarbeitung oder Umbildung erfolgen stets f\u00fcr uns, jedoch ohne Verpflichtung f\u00fcr uns. Erlischt unser (Mit-)Eigentum durch Verbindung, so wird schon jetzt vereinbart, dass das (Mit-)Eigentum des K\u00e4ufers an der Sache wertanteilig (Rechnungswert) auf uns \u00fcbergeht. Der Kunde verwahrt unser (Mit-)Eigentum unentgeltlich. <br class=\"avia-permanent-lb\" \/><br class=\"avia-permanent-lb\" \/><\/p>\n<p>(3) Der Kunde ist berechtigt, die Vorbehaltsware im ordnungsgem\u00e4\u00dfen Gesch\u00e4ftsverkehr zu verarbeiten und zu ver\u00e4u\u00dfern, solange er nicht in Verzug ist. Verpf\u00e4ndungen und Sicherungs\u00fcbereignungen sind unzul\u00e4ssig. Die aus dem Weiterverkauf oder einem sonstigen Rechtsgrund bez\u00fcglich der Vorbehaltsware entstehenden Forderungen tritt der Kunde bereits jetzt sicherungshalber in vollem Umfang an uns ab. <br class=\"avia-permanent-lb\" \/><br class=\"avia-permanent-lb\" \/><\/p>\n<p>(4) Wir erm\u00e4chtigen den Kunden widerruflich, die an uns abgetretenen Forderungen f\u00fcr unsere Rechnung im eigenen Namen einzuziehen. Diese Einzugserm\u00e4chtigung kann nur widerrufen werden, wenn der Kunde seinen Zahlungsverpflichtungen nicht ordnungsgem\u00e4\u00df nachkommt. <br class=\"avia-permanent-lb\" \/><br class=\"avia-permanent-lb\" \/><\/p>\n<p>(5) Bei Zugriffen Dritter auf die Vorbehaltsware wird der Kunde auf unser Eigentum hinweisen und uns unverz\u00fcglich benachrichtigen. Hierdurch entstehende Sch\u00e4den und Kosten tr\u00e4gt der Kunde. <br class=\"avia-permanent-lb\" \/><br class=\"avia-permanent-lb\" \/><\/p>\n<p>(6) Bei vertragswidrigem Verhalten des Kunden \u2013 insbesondere bei Zahlungsverzug \u2013 sind wir berechtigt, die Vorbehaltsware zur\u00fcckzunehmen und Abtretung der Herausgabeanspr\u00fcche des Kunden gegen Dritte zu verlangen.<\/p>\n<h3><strong>7.Gew\u00e4hrleistung <br class=\"avia-permanent-lb\" \/><br class=\"avia-permanent-lb\" \/><\/strong><\/h3>\n<p>(1) Die Gew\u00e4hrleistung betr\u00e4gt zwei Jahre. <br class=\"avia-permanent-lb\" \/><br class=\"avia-permanent-lb\" \/><\/p>\n<p>(2) Jegliche Gew\u00e4hrleistung setzt voraus, dass der Kunde die ihm obliegenden Untersuchungs- und R\u00fcgeobliegenheiten erf\u00fcllt hat. Die Gew\u00e4hrleistung ist ausgeschlossen, wenn die von uns gelieferte Ware ohne unsere Zustimmung von fremder Seite behandelt oder ver\u00e4ndert worden ist oder wenn die Betriebsanweisungen nicht befolgt werden. Geringf\u00fcgige Abweichungen in der Ausf\u00fchrung berechtigen den Kunden nicht zur Beanstandung. <br class=\"avia-permanent-lb\" \/><br class=\"avia-permanent-lb\" \/><\/p>\n<p>(3) Bei einer berechtigten Beanstandung steht uns das Recht zu, den Mangel in einer angemessenen Frist nach unserer Wahl durch Nachbesserung oder Neulieferung der fehlerhaften Teile zu beheben (Nacherf\u00fcllung). Nach erfolglosen Nachbesserungsversuchen steht dem Kunden das Recht zu, von dem Vertrag zur\u00fcckzutreten, Minderung des Kaufpreises zu verlangen oder Schadensersatz oder Aufwendungsersatz zu verlangen. <br class=\"avia-permanent-lb\" \/><br class=\"avia-permanent-lb\" \/><\/p>\n<p>(4) F\u00fcr die Dauer der Nacherf\u00fcllung ist die Verj\u00e4hrung gehemmt. <br class=\"avia-permanent-lb\" \/><br class=\"avia-permanent-lb\" \/><\/p>\n<p>(5) Die Haftung f\u00fcr Mangelfolgesch\u00e4den ist ausgeschlossen, es sei denn, wir haben den Schaden vors\u00e4tzlich oder grob fahrl\u00e4ssig verursacht. <br class=\"avia-permanent-lb\" \/><br class=\"avia-permanent-lb\" \/><\/p>\n<p>(6) Vor der R\u00fcckgabe\/R\u00fccksendung fehlerhafter Ware hat der Kunde eine RMA-Nr. anzufordern. Die RMA-Nr. ist au\u00dfen auf dem Paket deutlich sichtbar anzubringen. Die Annahme einer R\u00fccksendung ohne Angabe, der zuvor erteilten RMA-Nr. wird, verweigert. <br class=\"avia-permanent-lb\" \/><br class=\"avia-permanent-lb\" \/><\/p>\n<p>(7) Zur Pr\u00fcfung des Gew\u00e4hrleistungsanspruchs hat der Kunde den Kaufnachweis zumindest in Kopie vorzulegen. Sofern der Kunde diesen Gew\u00e4hrleistungsnachweis nicht erbringt, senden wir die Ware unrepariert gegen eine Bearbeitungsgeb\u00fchr zur\u00fcck. <br class=\"avia-permanent-lb\" \/><br class=\"avia-permanent-lb\" \/><\/p>\n<p>(8) Ohne korrekte und ausf\u00fchrliche Fehlerbeschreibung wird f\u00fcr eine einwandfreie Reparaturausf\u00fchrung keine Gew\u00e4hr \u00fcbernommen. Allgemeine Angaben, wie z.B. \u201edefekt\u201c, sind nicht ausreichend. <br class=\"avia-permanent-lb\" \/><br class=\"avia-permanent-lb\" \/><\/p>\n<p>(9) Im Falle einer unberechtigten Beanstandung wird die Ware gegen eine Bearbeitungsgeb\u00fchr zur\u00fcckgeschickt. <br class=\"avia-permanent-lb\" \/><br class=\"avia-permanent-lb\" \/><\/p>\n<p>(10) Die Ware ist in originaler oder sachgem\u00e4\u00dfer Verpackung zu \u00fcbersenden. Kosten und Sch\u00e4den, die durch unsachgem\u00e4\u00dfe Verpackung entstanden sind, tr\u00e4gt der Kunde. <br class=\"avia-permanent-lb\" \/><br class=\"avia-permanent-lb\" \/><\/p>\n<p>(11) Gew\u00e4hrleistungsanspr\u00fcche stehen nur dem Kunden zu und sind nicht abtretbar. <br class=\"avia-permanent-lb\" \/><br class=\"avia-permanent-lb\" \/><\/p>\n<h3><strong>8.Gerichtsstand und Erf\u00fcllungsort <br class=\"avia-permanent-lb\" \/><br class=\"avia-permanent-lb\" \/><\/strong><\/h3>\n<p>(1) Erf\u00fcllungsort f\u00fcr Lieferung und Zahlung ist unser Gesch\u00e4ftssitz. <br class=\"avia-permanent-lb\" \/><br class=\"avia-permanent-lb\" \/><\/p>\n<p>(2) Sofern der Kunde Kaufmann ist, ist f\u00fcr alle vertraglichen Anspr\u00fcche aus dem zugrundeliegenden Vertragsverh\u00e4ltnis, f\u00fcr deliktische und andere gesetzliche Anspr\u00fcche Gerichtsstand Ammersbek.<\/p>\n<\/div><\/section><\/div>\n<\/div><\/div><\/main><!-- close content main element --><\/div><\/div><div id='after_section_1'  class='main_color av_default_container_wrap container_wrap sidebar_right'  ><div class='container av-section-cont-open' ><div class='template-page content  av-content-small alpha units'><div class='post-entry post-entry-type-page post-entry-4097'><div class='entry-content-wrapper clearfix'>\n","protected":false},"excerpt":{"rendered":"","protected":false},"author":8,"featured_media":0,"parent":0,"menu_order":0,"comment_status":"closed","ping_status":"closed","template":"","meta":[],"acf":[],"yoast_head":"<!-- This site is optimized with the Yoast SEO plugin v16.8 - https:\/\/yoast.com\/wordpress\/plugins\/seo\/ -->\n<title>AGB - GRAUGEAR<\/title>\n<meta name=\"robots\" content=\"index, follow, max-snippet:-1, max-image-preview:large, max-video-preview:-1\" \/>\n<link rel=\"canonical\" href=\"\/\" \/>\n<meta property=\"og:locale\" content=\"en_US\" \/>\n<meta property=\"og:type\" content=\"article\" \/>\n<meta property=\"og:title\" content=\"AGB - GRAUGEAR\" \/>\n<meta property=\"og:site_name\" content=\"GRAUGEAR\" \/>\n<meta property=\"article:modified_time\" content=\"2021-10-05T01:29:19+00:00\" \/>\n<meta name=\"twitter:card\" content=\"summary\" \/>\n<meta name=\"twitter:label1\" content=\"Est. reading time\" \/>\n\t<meta name=\"twitter:data1\" content=\"9 minutes\" \/>\n<script type=\"application\/ld+json\" class=\"yoast-schema-graph\">{\"@context\":\"https:\/\/schema.org\",\"@graph\":[{\"@type\":\"WebSite\",\"@id\":\"https:\/\/graugear.de\/#website\",\"url\":\"https:\/\/graugear.de\/\",\"name\":\"GRAUGEAR\",\"description\":\"\",\"potentialAction\":[{\"@type\":\"SearchAction\",\"target\":{\"@type\":\"EntryPoint\",\"urlTemplate\":\"https:\/\/graugear.de\/?s={search_term_string}\"},\"query-input\":\"required name=search_term_string\"}],\"inLanguage\":\"en-US\"},{\"@type\":\"WebPage\",\"@id\":\"#webpage\",\"url\":\"\",\"name\":\"AGB - GRAUGEAR\",\"isPartOf\":{\"@id\":\"https:\/\/graugear.de\/#website\"},\"datePublished\":\"2021-09-23T03:15:21+00:00\",\"dateModified\":\"2021-10-05T01:29:19+00:00\",\"breadcrumb\":{\"@id\":\"#breadcrumb\"},\"inLanguage\":\"en-US\",\"potentialAction\":[{\"@type\":\"ReadAction\",\"target\":[\"\"]}]},{\"@type\":\"BreadcrumbList\",\"@id\":\"#breadcrumb\",\"itemListElement\":[{\"@type\":\"ListItem\",\"position\":1,\"name\":\"\\u9996\\u9801\",\"item\":\"https:\/\/graugear.de\/en\/home\/\"},{\"@type\":\"ListItem\",\"position\":2,\"name\":\"AGB\"}]},{\"@type\":\"Person\",\"@id\":\"https:\/\/graugear.de\/#\/schema\/person\/1930ee830a265c10390d60148c2d1cf5\",\"name\":\"designer01\",\"image\":{\"@type\":\"ImageObject\",\"@id\":\"https:\/\/graugear.de\/#personlogo\",\"inLanguage\":\"en-US\",\"url\":\"https:\/\/secure.gravatar.com\/avatar\/b6b65632c15c1f7782755030c34385e8?s=96&d=mm&r=g\",\"contentUrl\":\"https:\/\/secure.gravatar.com\/avatar\/b6b65632c15c1f7782755030c34385e8?s=96&d=mm&r=g\",\"caption\":\"designer01\"},\"url\":\"https:\/\/graugear.de\/en\/author\/designer01\/\"}]}<\/script>\n<!-- \/ Yoast SEO plugin. -->","yoast_head_json":{"title":"AGB - GRAUGEAR","robots":{"index":"index","follow":"follow","max-snippet":"max-snippet:-1","max-image-preview":"max-image-preview:large","max-video-preview":"max-video-preview:-1"},"canonical":"\/","og_locale":"en_US","og_type":"article","og_title":"AGB - GRAUGEAR","og_site_name":"GRAUGEAR","article_modified_time":"2021-10-05T01:29:19+00:00","twitter_card":"summary","twitter_misc":{"Est. reading time":"9 minutes"},"schema":{"@context":"https:\/\/schema.org","@graph":[{"@type":"WebSite","@id":"https:\/\/graugear.de\/#website","url":"https:\/\/graugear.de\/","name":"GRAUGEAR","description":"","potentialAction":[{"@type":"SearchAction","target":{"@type":"EntryPoint","urlTemplate":"https:\/\/graugear.de\/?s={search_term_string}"},"query-input":"required name=search_term_string"}],"inLanguage":"en-US"},{"@type":"WebPage","@id":"#webpage","url":"","name":"AGB - GRAUGEAR","isPartOf":{"@id":"https:\/\/graugear.de\/#website"},"datePublished":"2021-09-23T03:15:21+00:00","dateModified":"2021-10-05T01:29:19+00:00","breadcrumb":{"@id":"#breadcrumb"},"inLanguage":"en-US","potentialAction":[{"@type":"ReadAction","target":[""]}]},{"@type":"BreadcrumbList","@id":"#breadcrumb","itemListElement":[{"@type":"ListItem","position":1,"name":"\u9996\u9801","item":"https:\/\/graugear.de\/en\/home\/"},{"@type":"ListItem","position":2,"name":"AGB"}]},{"@type":"Person","@id":"https:\/\/graugear.de\/#\/schema\/person\/1930ee830a265c10390d60148c2d1cf5","name":"designer01","image":{"@type":"ImageObject","@id":"https:\/\/graugear.de\/#personlogo","inLanguage":"en-US","url":"https:\/\/secure.gravatar.com\/avatar\/b6b65632c15c1f7782755030c34385e8?s=96&d=mm&r=g","contentUrl":"https:\/\/secure.gravatar.com\/avatar\/b6b65632c15c1f7782755030c34385e8?s=96&d=mm&r=g","caption":"designer01"},"url":"https:\/\/graugear.de\/en\/author\/designer01\/"}]}},"_links":{"self":[{"href":"https:\/\/graugear.de\/en\/wp-json\/wp\/v2\/pages\/4097"}],"collection":[{"href":"https:\/\/graugear.de\/en\/wp-json\/wp\/v2\/pages"}],"about":[{"href":"https:\/\/graugear.de\/en\/wp-json\/wp\/v2\/types\/page"}],"author":[{"embeddable":true,"href":"https:\/\/graugear.de\/en\/wp-json\/wp\/v2\/users\/8"}],"replies":[{"embeddable":true,"href":"https:\/\/graugear.de\/en\/wp-json\/wp\/v2\/comments?post=4097"}],"version-history":[{"count":3,"href":"https:\/\/graugear.de\/en\/wp-json\/wp\/v2\/pages\/4097\/revisions"}],"predecessor-version":[{"id":5600,"href":"https:\/\/graugear.de\/en\/wp-json\/wp\/v2\/pages\/4097\/revisions\/5600"}],"wp:attachment":[{"href":"https:\/\/graugear.de\/en\/wp-json\/wp\/v2\/media?parent=4097"}],"curies":[{"name":"wp","href":"https:\/\/api.w.org\/{rel}","templated":true}]}}